{"id":244,"date":"2021-02-15T12:32:31","date_gmt":"2021-02-15T12:32:31","guid":{"rendered":"https:\/\/nwc-mail.eu\/nwc_testseiten\/electro-craft\/?page_id=244"},"modified":"2024-05-24T11:39:34","modified_gmt":"2024-05-24T11:39:34","slug":"impressum","status":"publish","type":"page","link":"https:\/\/electro-craft.at\/index.php\/impressum\/","title":{"rendered":"Impressum"},"content":{"rendered":"<p>[et_pb_section fb_built=&#8220;1&#8243; module_id=&#8220;service&#8220; _builder_version=&#8220;4.16&#8243; _module_preset=&#8220;default&#8220; background_color=&#8220;#383e42&#8243; width=&#8220;100%&#8220; custom_padding=&#8220;127px|||||&#8220; top_divider_style=&#8220;arrow2&#8243; top_divider_color=&#8220;#e6224f&#8220; bottom_divider_flip=&#8220;vertical&#8220; global_colors_info=&#8220;{}&#8220;][et_pb_row _builder_version=&#8220;4.16&#8243; _module_preset=&#8220;default&#8220; custom_padding=&#8220;0px|||||&#8220; global_colors_info=&#8220;{}&#8220;][et_pb_column type=&#8220;4_4&#8243; _builder_version=&#8220;4.16&#8243; _module_preset=&#8220;default&#8220; global_colors_info=&#8220;{}&#8220;][et_pb_text _builder_version=&#8220;4.16&#8243; _module_preset=&#8220;default&#8220; text_text_color=&#8220;#e6224f&#8220; text_font_size=&#8220;40px&#8220; min_height=&#8220;104px&#8220; custom_margin=&#8220;||31px|||&#8220; global_colors_info=&#8220;{}&#8220;]<\/p>\n<p style=\"text-align: center;\"><strong><\/strong><\/p>\n<p style=\"text-align: center;\"><strong>IMPRESSUM<\/strong><\/p>\n<p>[\/et_pb_text][\/et_pb_column][\/et_pb_row][et_pb_row _builder_version=&#8220;4.16&#8243; _module_preset=&#8220;default&#8220; background_color=&#8220;rgba(0,0,0,0)&#8220; width=&#8220;1200px&#8220; width_tablet=&#8220;&#8220; width_phone=&#8220;100%&#8220; width_last_edited=&#8220;on|phone&#8220; max_width=&#8220;100%&#8220; min_height=&#8220;511px&#8220; custom_padding=&#8220;0px||||false|false&#8220; global_colors_info=&#8220;{}&#8220;][et_pb_column type=&#8220;4_4&#8243; _builder_version=&#8220;4.16&#8243; _module_preset=&#8220;default&#8220; background_color=&#8220;#e6224f&#8220; box_shadow_style=&#8220;preset2&#8243; box_shadow_blur=&#8220;11px&#8220; box_shadow_color=&#8220;rgba(0,0,0,0.27)&#8220; global_colors_info=&#8220;{}&#8220;][et_pb_text _builder_version=&#8220;4.16&#8243; _module_preset=&#8220;default&#8220; text_text_color=&#8220;#000000&#8243; text_font_size=&#8220;16px&#8220; background_color=&#8220;#FFFFFF&#8220; width_tablet=&#8220;&#8220; width_phone=&#8220;100%&#8220; width_last_edited=&#8220;on|desktop&#8220; max_width_tablet=&#8220;&#8220; max_width_phone=&#8220;100%&#8220; max_width_last_edited=&#8220;on|phone&#8220; min_height=&#8220;334px&#8220; custom_margin=&#8220;-11px|||||&#8220; custom_padding=&#8220;30px|30px||30px|false|false&#8220; global_colors_info=&#8220;{}&#8220;]<\/p>\n<p>Verantwortlich f\u00fcr den Inhalt und dessen Richtigkeit dieser Webseite ist:<\/p>\n<p><strong>Fa. Electrocraft<\/strong><br \/>Gewerbepark Stadlhof 1<br \/>8772 Traboch<\/p>\n<p><a href=\"mailto:office@electro-craft.at\">office@electro-craft.at<\/a><\/p>\n<p>+43 3843 \/ 35 900<br \/><strong><\/strong><\/p>\n<p><span class=\"s4\"><\/span><\/p>\n<p><span class=\"s4\">Gesch\u00e4ftsf\u00fchrer: Herr Valentin Ilic<\/span><\/p>\n<p><span class=\"s4\"><\/span><\/p>\n<p>UST-Identifikation: <span itemprop=\"vatID\">ATU69773319<\/span><\/p>\n<p>&nbsp;<\/p>\n<p>Der Inhalt dieser Website ist urheberrechtlich gesch\u00fctzt. Alle Rechte, auch der \u00dcbersetzung der Webseite, des Nachdrucks und der Vervielf\u00e4ltigung des Inhalts oder Teilen daraus, sind vorbehalten. Der Inhalt dieser Seite darf in keiner Form ohne schriftliche Genehmigung der Firma Electrocraft\u00a0 reproduziert, verarbeitet, vervielf\u00e4ltigt oder verbreitet werden.<br \/>Obwohl die Inhalte unserer Seiten mit gr\u00f6\u00dftm\u00f6glicher Sorgfalt erstellt worden sind, \u00fcbernimmt die Firma Electrocraft keine Haftung f\u00fcr deren Aktualit\u00e4t, Vollst\u00e4ndigkeit und Richtigkeit.<\/p>\n<p>Copyright \u00a9 Fa. Electrocraft<\/p>\n<p>&nbsp;<\/p>\n<p>Bildvermerke Quellenangabe:<\/p>\n<p>Eigen<\/p>\n<p>&nbsp;<\/p>\n<p>photoworkers.at<\/p>\n<p>\u00a9 Riedler Peter<\/p>\n<p>&nbsp;<\/p>\n<p>fotolia.de<\/p>\n<p>\u00a9 goodluz<br \/>\u00a9 Engine Images<br \/>\u00a9 AnastasiiaUsoltceva<\/p>\n<p>&nbsp;<\/p>\n<p>&nbsp;<\/p>\n<p>[\/et_pb_text][\/et_pb_column][\/et_pb_row][\/et_pb_section][et_pb_section fb_built=&#8220;1&#8243; module_id=&#8220;kontakt&#8220; _builder_version=&#8220;4.16&#8243; _module_preset=&#8220;default&#8220; background_color=&#8220;#1e1e1e&#8220; custom_margin=&#8220;-6px|||||&#8220; custom_padding=&#8220;0px||0px|||&#8220; global_colors_info=&#8220;{}&#8220;][et_pb_row _builder_version=&#8220;4.16&#8243; _module_preset=&#8220;default&#8220; global_colors_info=&#8220;{}&#8220;][et_pb_column type=&#8220;4_4&#8243; _builder_version=&#8220;4.16&#8243; _module_preset=&#8220;default&#8220; global_colors_info=&#8220;{}&#8220;][et_pb_text _builder_version=&#8220;4.16&#8243; _module_preset=&#8220;default&#8220; text_text_color=&#8220;#e6224f&#8220; text_font_size=&#8220;40px&#8220; min_height=&#8220;104px&#8220; global_colors_info=&#8220;{}&#8220;]<\/p>\n<p style=\"text-align: center;\"><strong><\/strong><\/p>\n<p style=\"text-align: center;\"><strong>KONTAKT<br \/><\/strong><\/p>\n<p>[\/et_pb_text][\/et_pb_column][\/et_pb_row][\/et_pb_section][et_pb_section fb_built=&#8220;1&#8243; _builder_version=&#8220;4.16&#8243; _module_preset=&#8220;default&#8220; background_color=&#8220;#1e1e1e&#8220; custom_padding=&#8220;0px||28px|||&#8220; hover_enabled=&#8220;0&#8243; locked=&#8220;off&#8220; global_colors_info=&#8220;{}&#8220; sticky_enabled=&#8220;0&#8243;][et_pb_row column_structure=&#8220;1_4,3_4&#8243; use_custom_gutter=&#8220;on&#8220; gutter_width=&#8220;1&#8243; make_equal=&#8220;on&#8220; _builder_version=&#8220;4.16&#8243; _module_preset=&#8220;default&#8220; background_enable_image=&#8220;off&#8220; width=&#8220;90%&#8220; width_tablet=&#8220;&#8220; width_phone=&#8220;100%&#8220; width_last_edited=&#8220;on|phone&#8220; max_width=&#8220;90%&#8220; max_width_tablet=&#8220;&#8220; max_width_phone=&#8220;100%&#8220; max_width_last_edited=&#8220;on|phone&#8220; min_height=&#8220;400px&#8220; custom_margin=&#8220;0px|0px|0px|70px|false|false&#8220; custom_margin_tablet=&#8220;&#8220; custom_margin_phone=&#8220;0px|0px||0px|false|false&#8220; custom_margin_last_edited=&#8220;on|phone&#8220; custom_padding=&#8220;0px||40px|0px|false|false&#8220; global_colors_info=&#8220;{}&#8220;][et_pb_column type=&#8220;1_4&#8243; _builder_version=&#8220;4.16&#8243; _module_preset=&#8220;default&#8220; background_color=&#8220;#e6224f&#8220; global_colors_info=&#8220;{}&#8220;][et_pb_blurb use_icon=&#8220;on&#8220; font_icon=&#8220;&#xe081;||divi||400&#8243; icon_color=&#8220;#ffffff&#8220; icon_placement=&#8220;left&#8220; image_icon_width=&#8220;30px&#8220; _builder_version=&#8220;4.16&#8243; _module_preset=&#8220;default&#8220; header_text_color=&#8220;#ffffff&#8220; background_layout=&#8220;dark&#8220; custom_margin=&#8220;|||80px|false|false&#8220; custom_margin_tablet=&#8220;&#8220; custom_margin_phone=&#8220;|||40px|false|false&#8220; custom_margin_last_edited=&#8220;on|desktop&#8220; custom_padding=&#8220;58px||||false|false&#8220; custom_padding_tablet=&#8220;&#8220; custom_padding_phone=&#8220;&#8220; custom_padding_last_edited=&#8220;on|desktop&#8220; icon_font_size=&#8220;30px&#8220; global_colors_info=&#8220;{}&#8220;]<\/p>\n<p>Fa. Electrocraft<br \/> Gewerbepark Stadlhof 1<br \/> A-8772 Traboch<\/p>\n<p>[\/et_pb_blurb][et_pb_blurb use_icon=&#8220;on&#8220; font_icon=&#8220;&#xe090;||divi||400&#8243; icon_color=&#8220;#ffffff&#8220; icon_placement=&#8220;left&#8220; image_icon_width=&#8220;30px&#8220; _builder_version=&#8220;4.25.1&#8243; _module_preset=&#8220;default&#8220; header_text_color=&#8220;#ffffff&#8220; background_layout=&#8220;dark&#8220; custom_margin=&#8220;40px||60px|80px|false|false&#8220; custom_margin_tablet=&#8220;&#8220; custom_margin_phone=&#8220;|||40px|false|false&#8220; custom_margin_last_edited=&#8220;on|phone&#8220; custom_padding=&#8220;0px|||||&#8220; hover_enabled=&#8220;0&#8243; icon_font_size=&#8220;30px&#8220; global_colors_info=&#8220;{}&#8220; sticky_enabled=&#8220;0&#8243;]+43 3843 \/ 35 900[\/et_pb_blurb][et_pb_blurb use_icon=&#8220;on&#8220; font_icon=&#8220;&#xe076;||divi||400&#8243; icon_color=&#8220;#ffffff&#8220; icon_placement=&#8220;left&#8220; image_icon_width=&#8220;30px&#8220; _builder_version=&#8220;4.16&#8243; _module_preset=&#8220;default&#8220; header_text_color=&#8220;#ffffff&#8220; background_layout=&#8220;dark&#8220; custom_margin=&#8220;|||80px|false|false&#8220; custom_margin_tablet=&#8220;&#8220; custom_margin_phone=&#8220;|||40px|false|false&#8220; custom_margin_last_edited=&#8220;on|phone&#8220; custom_padding=&#8220;0px||0px||false|false&#8220; custom_padding_tablet=&#8220;&#8220; custom_padding_phone=&#8220;0px||30px||false|false&#8220; custom_padding_last_edited=&#8220;on|phone&#8220; icon_font_size=&#8220;30px&#8220; global_colors_info=&#8220;{}&#8220;]<\/p>\n<p>office@electro-craft.at<\/p>\n<p>[\/et_pb_blurb][\/et_pb_column][et_pb_column type=&#8220;3_4&#8243; _builder_version=&#8220;4.16&#8243; _module_preset=&#8220;default&#8220; background_color=&#8220;RGBA(0,0,0,0)&#8220; background_enable_image=&#8220;off&#8220; global_colors_info=&#8220;{}&#8220;][et_pb_code _builder_version=&#8220;4.16&#8243; _module_preset=&#8220;default&#8220; custom_margin=&#8220;||-43px|0px|false|false&#8220; custom_padding=&#8220;||0px|0px|false|false&#8220; global_colors_info=&#8220;{}&#8220;]<iframe loading=\"lazy\" src=\"https:\/\/www.google.com\/maps\/embed?pb=!1m18!1m12!1m3!1d173083.81030641127!2d14.876284227366453!3d47.32509223618361!2m3!1f0!2f0!3f0!3m2!1i1024!2i768!4f13.1!3m3!1m2!1s0x4771ddf061a95d7d%3A0x113f8ad935bd3fca!2sElectrocraft!5e0!3m2!1sde!2sat!4v1613392644100!5m2!1sde!2sat\" width=\"100%\" height=\"360\" frameborder=\"0\" style=\"border:0;\" allowfullscreen=\"\" aria-hidden=\"false\" tabindex=\"0\"><\/iframe>[\/et_pb_code][\/et_pb_column][\/et_pb_row][\/et_pb_section][et_pb_section fb_built=&#8220;1&#8243; _builder_version=&#8220;4.16&#8243; _module_preset=&#8220;default&#8220; background_color=&#8220;rgba(0,0,0,0.83)&#8220; custom_padding=&#8220;0px||0px|||&#8220; locked=&#8220;off&#8220; global_colors_info=&#8220;{}&#8220;][et_pb_row _builder_version=&#8220;4.16&#8243; _module_preset=&#8220;default&#8220; custom_padding=&#8220;0px||0px|||&#8220; global_colors_info=&#8220;{}&#8220;][et_pb_column type=&#8220;4_4&#8243; _builder_version=&#8220;4.16&#8243; _module_preset=&#8220;default&#8220; global_colors_info=&#8220;{}&#8220;][et_pb_text _builder_version=&#8220;4.16&#8243; _module_preset=&#8220;default&#8220; text_text_color=&#8220;#E6224F&#8220; custom_padding=&#8220;14px||12px|||&#8220; global_colors_info=&#8220;{}&#8220;]<\/p>\n<p style=\"text-align: center;\"><span style=\"color: #e6224f;\"><a title=\"Impressum\" href=\"https:\/\/electro-craft.at\/index.php\/impressum\/\" style=\"color: #e6224f;\">Impressum<\/a>\u00a0 |\u00a0 <a title=\"Datenschutz\" href=\"https:\/\/electro-craft.at\/index.php\/datenschutz\/\" style=\"color: #e6224f;\">Datenschutz<\/a><\/span><\/p>\n<p>[\/et_pb_text][\/et_pb_column][\/et_pb_row][\/et_pb_section]<\/p>\n","protected":false},"excerpt":{"rendered":"<p>IMPRESSUMVerantwortlich f\u00fcr den Inhalt und dessen Richtigkeit dieser Webseite ist: Fa. ElectrocraftGewerbepark Stadlhof 18772 Traboch office@electro-craft.at +43 3843 \/ 35 900 Gesch\u00e4ftsf\u00fchrer: Herr Valentin Ilic UST-Identifikation: ATU69773319 &nbsp; Der Inhalt dieser Website ist urheberrechtlich gesch\u00fctzt. Alle Rechte, auch der \u00dcbersetzung der Webseite, des Nachdrucks und der Vervielf\u00e4ltigung des Inhalts oder Teilen daraus, sind vorbehalten. Der [&hellip;]<\/p>\n","protected":false},"author":1,"featured_media":0,"parent":0,"menu_order":0,"comment_status":"closed","ping_status":"closed","template":"","meta":{"_et_pb_use_builder":"on","_et_pb_old_content":"","_et_gb_content_width":"","footnotes":""},"class_list":["post-244","page","type-page","status-publish","hentry"],"_links":{"self":[{"href":"https:\/\/electro-craft.at\/index.php\/wp-json\/wp\/v2\/pages\/244","targetHints":{"allow":["GET"]}}],"collection":[{"href":"https:\/\/electro-craft.at\/index.php\/wp-json\/wp\/v2\/pages"}],"about":[{"href":"https:\/\/electro-craft.at\/index.php\/wp-json\/wp\/v2\/types\/page"}],"author":[{"embeddable":true,"href":"https:\/\/electro-craft.at\/index.php\/wp-json\/wp\/v2\/users\/1"}],"replies":[{"embeddable":true,"href":"https:\/\/electro-craft.at\/index.php\/wp-json\/wp\/v2\/comments?post=244"}],"version-history":[{"count":13,"href":"https:\/\/electro-craft.at\/index.php\/wp-json\/wp\/v2\/pages\/244\/revisions"}],"predecessor-version":[{"id":527,"href":"https:\/\/electro-craft.at\/index.php\/wp-json\/wp\/v2\/pages\/244\/revisions\/527"}],"wp:attachment":[{"href":"https:\/\/electro-craft.at\/index.php\/wp-json\/wp\/v2\/media?parent=244"}],"curies":[{"name":"wp","href":"https:\/\/api.w.org\/{rel}","templated":true}]}}